{"id":2654,"date":"2025-06-19T10:41:18","date_gmt":"2025-06-19T08:41:18","guid":{"rendered":"https:\/\/hotelpodlipou.sk\/?page_id=2654"},"modified":"2025-11-28T13:03:23","modified_gmt":"2025-11-28T12:03:23","slug":"ubytovanie","status":"publish","type":"page","link":"https:\/\/hotelpodlipou.sk\/en\/ubytovanie\/","title":{"rendered":"Accommodation"},"content":{"rendered":"<div data-elementor-type=\"wp-page\" data-elementor-id=\"2654\" class=\"elementor elementor-2654\" data-elementor-post-type=\"page\">\n\t\t\t\t<div class=\"elementor-element elementor-element-e59b50d e-con-full e-flex e-con e-parent\" data-id=\"e59b50d\" data-element_type=\"container\">\n\t\t<div class=\"elementor-element elementor-element-20eb086 e-con-full ubytovanie_hover e-flex e-con e-child\" data-id=\"20eb086\" data-element_type=\"container\" data-settings=\"{&quot;background_background&quot;:&quot;classic&quot;}\">\n\t\t\t\t<div class=\"elementor-element elementor-element-89897d0 elementor-widget elementor-widget-image\" data-id=\"89897d0\" data-element_type=\"widget\" data-widget_type=\"image.default\">\n\t\t\t\t<div class=\"elementor-widget-container\">\n\t\t\t\t\t\t\t\t\t\t\t\t\t\t\t<img decoding=\"async\" width=\"42\" height=\"9\" data-src=\"https:\/\/hotelpodlipou.sk\/wp-content\/uploads\/2025\/06\/2.svg\" class=\"attachment-large size-large wp-image-2702 lazyload\" alt=\"\" src=\"data:image\/svg+xml;base64,PHN2ZyB3aWR0aD0iMSIgaGVpZ2h0PSIxIiB4bWxucz0iaHR0cDovL3d3dy53My5vcmcvMjAwMC9zdmciPjwvc3ZnPg==\" style=\"--smush-placeholder-width: 42px; --smush-placeholder-aspect-ratio: 42\/9;\" \/>\t\t\t\t\t\t\t\t\t\t\t\t\t\t\t<\/div>\n\t\t\t\t<\/div>\n\t\t\t\t<div class=\"elementor-element elementor-element-f9dc7a2 elementor-widget elementor-widget-heading\" data-id=\"f9dc7a2\" data-element_type=\"widget\" data-widget_type=\"heading.default\">\n\t\t\t\t<div class=\"elementor-widget-container\">\n\t\t\t\t\t<h2 class=\"elementor-heading-title elementor-size-default\">EVA Pavilion<\/h2>\t\t\t\t<\/div>\n\t\t\t\t<\/div>\n\t\t\t\t<div class=\"elementor-element elementor-element-a908b91 elementor-widget elementor-widget-text-editor\" data-id=\"a908b91\" data-element_type=\"widget\" data-widget_type=\"text-editor.default\">\n\t\t\t\t<div class=\"elementor-widget-container\">\n\t\t\t\t\t\t\t\t\t<p>capacity of 30 rooms in 4* standard<\/p>\t\t\t\t\t\t\t\t<\/div>\n\t\t\t\t<\/div>\n\t\t\t\t<div class=\"elementor-element elementor-element-127f27a elementor-align-center main_button elementor-widget elementor-widget-button\" data-id=\"127f27a\" data-element_type=\"widget\" id=\"button_ubytovanie\" data-widget_type=\"button.default\">\n\t\t\t\t<div class=\"elementor-widget-container\">\n\t\t\t\t\t\t\t\t\t<div class=\"elementor-button-wrapper\">\n\t\t\t\t\t<a class=\"elementor-button elementor-button-link elementor-size-sm\" href=\"https:\/\/hotelpodlipou.sk\/en\/pavilon-eva\/\">\n\t\t\t\t\t\t<span class=\"elementor-button-content-wrapper\">\n\t\t\t\t\t\t\t\t\t<span class=\"elementor-button-text\">Accommodation in the EVA Pavilion<\/span>\n\t\t\t\t\t<\/span>\n\t\t\t\t\t<\/a>\n\t\t\t\t<\/div>\n\t\t\t\t\t\t\t\t<\/div>\n\t\t\t\t<\/div>\n\t\t\t\t<\/div>\n\t\t<div class=\"elementor-element elementor-element-cc9cea9 e-con-full ubytovanie_hover e-flex e-con e-child\" data-id=\"cc9cea9\" data-element_type=\"container\" data-settings=\"{&quot;background_background&quot;:&quot;classic&quot;}\">\n\t\t\t\t<div class=\"elementor-element elementor-element-9991232 elementor-widget elementor-widget-image\" data-id=\"9991232\" data-element_type=\"widget\" data-widget_type=\"image.default\">\n\t\t\t\t<div class=\"elementor-widget-container\">\n\t\t\t\t\t\t\t\t\t\t\t\t\t\t\t<img decoding=\"async\" width=\"42\" height=\"9\" data-src=\"https:\/\/hotelpodlipou.sk\/wp-content\/uploads\/2025\/06\/2.svg\" class=\"attachment-large size-large wp-image-2702 lazyload\" alt=\"\" src=\"data:image\/svg+xml;base64,PHN2ZyB3aWR0aD0iMSIgaGVpZ2h0PSIxIiB4bWxucz0iaHR0cDovL3d3dy53My5vcmcvMjAwMC9zdmciPjwvc3ZnPg==\" style=\"--smush-placeholder-width: 42px; --smush-placeholder-aspect-ratio: 42\/9;\" \/>\t\t\t\t\t\t\t\t\t\t\t\t\t\t\t<\/div>\n\t\t\t\t<\/div>\n\t\t\t\t<div class=\"elementor-element elementor-element-e102976 elementor-widget elementor-widget-heading\" data-id=\"e102976\" data-element_type=\"widget\" data-widget_type=\"heading.default\">\n\t\t\t\t<div class=\"elementor-widget-container\">\n\t\t\t\t\t<h2 class=\"elementor-heading-title elementor-size-default\">Pavilion AVANA<\/h2>\t\t\t\t<\/div>\n\t\t\t\t<\/div>\n\t\t\t\t<div class=\"elementor-element elementor-element-34cbd89 elementor-widget elementor-widget-text-editor\" data-id=\"34cbd89\" data-element_type=\"widget\" data-widget_type=\"text-editor.default\">\n\t\t\t\t<div class=\"elementor-widget-container\">\n\t\t\t\t\t\t\t\t\t<p>capacity 21 rooms in 4* standard<\/p>\t\t\t\t\t\t\t\t<\/div>\n\t\t\t\t<\/div>\n\t\t\t\t<div class=\"elementor-element elementor-element-9f343c9 elementor-align-center main_button elementor-widget elementor-widget-button\" data-id=\"9f343c9\" data-element_type=\"widget\" id=\"button_ubytovanie\" data-widget_type=\"button.default\">\n\t\t\t\t<div class=\"elementor-widget-container\">\n\t\t\t\t\t\t\t\t\t<div class=\"elementor-button-wrapper\">\n\t\t\t\t\t<a class=\"elementor-button elementor-button-link elementor-size-sm\" href=\"https:\/\/hotelpodlipou.sk\/en\/pavilon-avana\/\">\n\t\t\t\t\t\t<span class=\"elementor-button-content-wrapper\">\n\t\t\t\t\t\t\t\t\t<span class=\"elementor-button-text\">Accommodation in the AVANA Pavilion<\/span>\n\t\t\t\t\t<\/span>\n\t\t\t\t\t<\/a>\n\t\t\t\t<\/div>\n\t\t\t\t\t\t\t\t<\/div>\n\t\t\t\t<\/div>\n\t\t\t\t<\/div>\n\t\t<div class=\"elementor-element elementor-element-3a24f62 e-con-full ubytovanie_hover e-flex e-con e-child\" data-id=\"3a24f62\" data-element_type=\"container\" data-settings=\"{&quot;background_background&quot;:&quot;classic&quot;}\">\n\t\t\t\t<div class=\"elementor-element elementor-element-87097a1 elementor-widget elementor-widget-image\" data-id=\"87097a1\" data-element_type=\"widget\" data-widget_type=\"image.default\">\n\t\t\t\t<div class=\"elementor-widget-container\">\n\t\t\t\t\t\t\t\t\t\t\t\t\t\t\t<img decoding=\"async\" width=\"30\" height=\"9\" data-src=\"https:\/\/hotelpodlipou.sk\/wp-content\/uploads\/2025\/07\/1.svg\" class=\"attachment-large size-large wp-image-5925 lazyload\" alt=\"\" src=\"data:image\/svg+xml;base64,PHN2ZyB3aWR0aD0iMSIgaGVpZ2h0PSIxIiB4bWxucz0iaHR0cDovL3d3dy53My5vcmcvMjAwMC9zdmciPjwvc3ZnPg==\" style=\"--smush-placeholder-width: 30px; --smush-placeholder-aspect-ratio: 30\/9;\" \/>\t\t\t\t\t\t\t\t\t\t\t\t\t\t\t<\/div>\n\t\t\t\t<\/div>\n\t\t\t\t<div class=\"elementor-element elementor-element-a23e083 elementor-widget elementor-widget-heading\" data-id=\"a23e083\" data-element_type=\"widget\" data-widget_type=\"heading.default\">\n\t\t\t\t<div class=\"elementor-widget-container\">\n\t\t\t\t\t<h2 class=\"elementor-heading-title elementor-size-default\">Pavilion VILMA<\/h2>\t\t\t\t<\/div>\n\t\t\t\t<\/div>\n\t\t\t\t<div class=\"elementor-element elementor-element-d4181de elementor-widget elementor-widget-text-editor\" data-id=\"d4181de\" data-element_type=\"widget\" data-widget_type=\"text-editor.default\">\n\t\t\t\t<div class=\"elementor-widget-container\">\n\t\t\t\t\t\t\t\t\t<p>capacity of 24 rooms in 3* standard<\/p>\t\t\t\t\t\t\t\t<\/div>\n\t\t\t\t<\/div>\n\t\t\t\t<div class=\"elementor-element elementor-element-6ae18c3 elementor-align-center main_button elementor-widget elementor-widget-button\" data-id=\"6ae18c3\" data-element_type=\"widget\" id=\"button_ubytovanie\" data-widget_type=\"button.default\">\n\t\t\t\t<div class=\"elementor-widget-container\">\n\t\t\t\t\t\t\t\t\t<div class=\"elementor-button-wrapper\">\n\t\t\t\t\t<a class=\"elementor-button elementor-button-link elementor-size-sm\" href=\"https:\/\/hotelpodlipou.sk\/en\/pavilon-vilma\/\">\n\t\t\t\t\t\t<span class=\"elementor-button-content-wrapper\">\n\t\t\t\t\t\t\t\t\t<span class=\"elementor-button-text\">Accommodation in the VILMA Pavilion<\/span>\n\t\t\t\t\t<\/span>\n\t\t\t\t\t<\/a>\n\t\t\t\t<\/div>\n\t\t\t\t\t\t\t\t<\/div>\n\t\t\t\t<\/div>\n\t\t\t\t<\/div>\n\t\t\t\t<\/div>\n\t\t\t\t<\/div>","protected":false},"excerpt":{"rendered":"<p>Pavil\u00f3n EVA kapacita 30 izieb v 4* \u0161tandarde Ubytovanie v Pavil\u00f3ne EVA Pavil\u00f3n AVANA kapacita 21 izieb v 4* \u0161tandarde Ubytovanie v Pavil\u00f3ne AVANA Pavil\u00f3n VILMA kapacita 24 izieb v 3* \u0161tandarde Ubytovanie v Pavil\u00f3ne VILMA<\/p>","protected":false},"author":1,"featured_media":0,"parent":0,"menu_order":0,"comment_status":"closed","ping_status":"closed","template":"","meta":{"_acf_changed":false,"footnotes":""},"class_list":["post-2654","page","type-page","status-publish","hentry"],"acf":[],"yoast_head":"<!-- This site is optimized with the Yoast SEO plugin v27.5 - https:\/\/yoast.com\/product\/yoast-seo-wordpress\/ -->\n<title>Ubytovanie - Hotel pod lipou<\/title>\n<meta name=\"robots\" content=\"index, follow, max-snippet:-1, max-image-preview:large, max-video-preview:-1\" \/>\n<link rel=\"canonical\" href=\"https:\/\/hotelpodlipou.sk\/en\/ubytovanie\/\" \/>\n<meta property=\"og:locale\" content=\"en_US\" \/>\n<meta property=\"og:type\" content=\"article\" \/>\n<meta property=\"og:title\" content=\"Ubytovanie - Hotel pod lipou\" \/>\n<meta property=\"og:description\" content=\"Pavil\u00f3n EVA kapacita 30 izieb v 4* \u0161tandarde Ubytovanie v Pavil\u00f3ne EVA Pavil\u00f3n AVANA kapacita 21 izieb v 4* \u0161tandarde Ubytovanie v Pavil\u00f3ne AVANA Pavil\u00f3n VILMA kapacita 24 izieb v 3* \u0161tandarde Ubytovanie v Pavil\u00f3ne VILMA\" \/>\n<meta property=\"og:url\" content=\"https:\/\/hotelpodlipou.sk\/en\/ubytovanie\/\" \/>\n<meta property=\"og:site_name\" content=\"Hotel pod lipou\" \/>\n<meta property=\"article:publisher\" content=\"https:\/\/www.facebook.com\/HotelPodLipouResort\" \/>\n<meta property=\"article:modified_time\" content=\"2025-11-28T12:03:23+00:00\" \/>\n<meta name=\"twitter:card\" content=\"summary_large_image\" \/>\n<meta name=\"twitter:label1\" content=\"Est. reading time\" \/>\n\t<meta name=\"twitter:data1\" content=\"1 minute\" \/>\n<script type=\"application\/ld+json\" class=\"yoast-schema-graph\">{\"@context\":\"https:\\\/\\\/schema.org\",\"@graph\":[{\"@type\":\"WebPage\",\"@id\":\"https:\\\/\\\/hotelpodlipou.sk\\\/ubytovanie\\\/\",\"url\":\"https:\\\/\\\/hotelpodlipou.sk\\\/ubytovanie\\\/\",\"name\":\"Ubytovanie - Hotel pod lipou\",\"isPartOf\":{\"@id\":\"https:\\\/\\\/hotelpodlipou.sk\\\/#website\"},\"primaryImageOfPage\":{\"@id\":\"https:\\\/\\\/hotelpodlipou.sk\\\/ubytovanie\\\/#primaryimage\"},\"image\":{\"@id\":\"https:\\\/\\\/hotelpodlipou.sk\\\/ubytovanie\\\/#primaryimage\"},\"thumbnailUrl\":\"https:\\\/\\\/hotelpodlipou.sk\\\/wp-content\\\/uploads\\\/2025\\\/06\\\/2.svg\",\"datePublished\":\"2025-06-19T08:41:18+00:00\",\"dateModified\":\"2025-11-28T12:03:23+00:00\",\"breadcrumb\":{\"@id\":\"https:\\\/\\\/hotelpodlipou.sk\\\/ubytovanie\\\/#breadcrumb\"},\"inLanguage\":\"en-US\",\"potentialAction\":[{\"@type\":\"ReadAction\",\"target\":[\"https:\\\/\\\/hotelpodlipou.sk\\\/ubytovanie\\\/\"]}]},{\"@type\":\"ImageObject\",\"inLanguage\":\"en-US\",\"@id\":\"https:\\\/\\\/hotelpodlipou.sk\\\/ubytovanie\\\/#primaryimage\",\"url\":\"https:\\\/\\\/hotelpodlipou.sk\\\/wp-content\\\/uploads\\\/2025\\\/06\\\/2.svg\",\"contentUrl\":\"https:\\\/\\\/hotelpodlipou.sk\\\/wp-content\\\/uploads\\\/2025\\\/06\\\/2.svg\"},{\"@type\":\"BreadcrumbList\",\"@id\":\"https:\\\/\\\/hotelpodlipou.sk\\\/ubytovanie\\\/#breadcrumb\",\"itemListElement\":[{\"@type\":\"ListItem\",\"position\":1,\"name\":\"Domovsk\u00e1 str\u00e1nka\",\"item\":\"https:\\\/\\\/hotelpodlipou.sk\\\/\"},{\"@type\":\"ListItem\",\"position\":2,\"name\":\"Ubytovanie\"}]},{\"@type\":\"WebSite\",\"@id\":\"https:\\\/\\\/hotelpodlipou.sk\\\/#website\",\"url\":\"https:\\\/\\\/hotelpodlipou.sk\\\/\",\"name\":\"Hotel pod lipou\",\"description\":\"Wellness &amp; Relax v Mal\u00fdch Karpatoch, Modra\",\"publisher\":{\"@id\":\"https:\\\/\\\/hotelpodlipou.sk\\\/#organization\"},\"potentialAction\":[{\"@type\":\"SearchAction\",\"target\":{\"@type\":\"EntryPoint\",\"urlTemplate\":\"https:\\\/\\\/hotelpodlipou.sk\\\/?s={search_term_string}\"},\"query-input\":{\"@type\":\"PropertyValueSpecification\",\"valueRequired\":true,\"valueName\":\"search_term_string\"}}],\"inLanguage\":\"en-US\"},{\"@type\":\"Organization\",\"@id\":\"https:\\\/\\\/hotelpodlipou.sk\\\/#organization\",\"name\":\"Hotel pod lipou\",\"url\":\"https:\\\/\\\/hotelpodlipou.sk\\\/\",\"logo\":{\"@type\":\"ImageObject\",\"inLanguage\":\"en-US\",\"@id\":\"https:\\\/\\\/hotelpodlipou.sk\\\/#\\\/schema\\\/logo\\\/image\\\/\",\"url\":\"https:\\\/\\\/hotelpodlipou.sk\\\/wp-content\\\/uploads\\\/2025\\\/04\\\/Layer_1-10.svg\",\"contentUrl\":\"https:\\\/\\\/hotelpodlipou.sk\\\/wp-content\\\/uploads\\\/2025\\\/04\\\/Layer_1-10.svg\",\"width\":160,\"height\":102,\"caption\":\"Hotel pod lipou\"},\"image\":{\"@id\":\"https:\\\/\\\/hotelpodlipou.sk\\\/#\\\/schema\\\/logo\\\/image\\\/\"},\"sameAs\":[\"https:\\\/\\\/www.facebook.com\\\/HotelPodLipouResort\"]}]}<\/script>\n<!-- \/ Yoast SEO plugin. -->","yoast_head_json":{"title":"Ubytovanie - Hotel pod lipou","robots":{"index":"index","follow":"follow","max-snippet":"max-snippet:-1","max-image-preview":"max-image-preview:large","max-video-preview":"max-video-preview:-1"},"canonical":"https:\/\/hotelpodlipou.sk\/en\/ubytovanie\/","og_locale":"en_US","og_type":"article","og_title":"Ubytovanie - Hotel pod lipou","og_description":"Pavil\u00f3n EVA kapacita 30 izieb v 4* \u0161tandarde Ubytovanie v Pavil\u00f3ne EVA Pavil\u00f3n AVANA kapacita 21 izieb v 4* \u0161tandarde Ubytovanie v Pavil\u00f3ne AVANA Pavil\u00f3n VILMA kapacita 24 izieb v 3* \u0161tandarde Ubytovanie v Pavil\u00f3ne VILMA","og_url":"https:\/\/hotelpodlipou.sk\/en\/ubytovanie\/","og_site_name":"Hotel pod lipou","article_publisher":"https:\/\/www.facebook.com\/HotelPodLipouResort","article_modified_time":"2025-11-28T12:03:23+00:00","twitter_card":"summary_large_image","twitter_misc":{"Est. reading time":"1 minute"},"schema":{"@context":"https:\/\/schema.org","@graph":[{"@type":"WebPage","@id":"https:\/\/hotelpodlipou.sk\/ubytovanie\/","url":"https:\/\/hotelpodlipou.sk\/ubytovanie\/","name":"Ubytovanie - Hotel pod lipou","isPartOf":{"@id":"https:\/\/hotelpodlipou.sk\/#website"},"primaryImageOfPage":{"@id":"https:\/\/hotelpodlipou.sk\/ubytovanie\/#primaryimage"},"image":{"@id":"https:\/\/hotelpodlipou.sk\/ubytovanie\/#primaryimage"},"thumbnailUrl":"https:\/\/hotelpodlipou.sk\/wp-content\/uploads\/2025\/06\/2.svg","datePublished":"2025-06-19T08:41:18+00:00","dateModified":"2025-11-28T12:03:23+00:00","breadcrumb":{"@id":"https:\/\/hotelpodlipou.sk\/ubytovanie\/#breadcrumb"},"inLanguage":"en-US","potentialAction":[{"@type":"ReadAction","target":["https:\/\/hotelpodlipou.sk\/ubytovanie\/"]}]},{"@type":"ImageObject","inLanguage":"en-US","@id":"https:\/\/hotelpodlipou.sk\/ubytovanie\/#primaryimage","url":"https:\/\/hotelpodlipou.sk\/wp-content\/uploads\/2025\/06\/2.svg","contentUrl":"https:\/\/hotelpodlipou.sk\/wp-content\/uploads\/2025\/06\/2.svg"},{"@type":"BreadcrumbList","@id":"https:\/\/hotelpodlipou.sk\/ubytovanie\/#breadcrumb","itemListElement":[{"@type":"ListItem","position":1,"name":"Domovsk\u00e1 str\u00e1nka","item":"https:\/\/hotelpodlipou.sk\/"},{"@type":"ListItem","position":2,"name":"Ubytovanie"}]},{"@type":"WebSite","@id":"https:\/\/hotelpodlipou.sk\/#website","url":"https:\/\/hotelpodlipou.sk\/","name":"Hotel pod lipou","description":"Wellness &amp; Relax v Mal\u00fdch Karpatoch, Modra","publisher":{"@id":"https:\/\/hotelpodlipou.sk\/#organization"},"potentialAction":[{"@type":"SearchAction","target":{"@type":"EntryPoint","urlTemplate":"https:\/\/hotelpodlipou.sk\/?s={search_term_string}"},"query-input":{"@type":"PropertyValueSpecification","valueRequired":true,"valueName":"search_term_string"}}],"inLanguage":"en-US"},{"@type":"Organization","@id":"https:\/\/hotelpodlipou.sk\/#organization","name":"Hotel pod lipou","url":"https:\/\/hotelpodlipou.sk\/","logo":{"@type":"ImageObject","inLanguage":"en-US","@id":"https:\/\/hotelpodlipou.sk\/#\/schema\/logo\/image\/","url":"https:\/\/hotelpodlipou.sk\/wp-content\/uploads\/2025\/04\/Layer_1-10.svg","contentUrl":"https:\/\/hotelpodlipou.sk\/wp-content\/uploads\/2025\/04\/Layer_1-10.svg","width":160,"height":102,"caption":"Hotel pod lipou"},"image":{"@id":"https:\/\/hotelpodlipou.sk\/#\/schema\/logo\/image\/"},"sameAs":["https:\/\/www.facebook.com\/HotelPodLipouResort"]}]}},"_links":{"self":[{"href":"https:\/\/hotelpodlipou.sk\/en\/wp-json\/wp\/v2\/pages\/2654","targetHints":{"allow":["GET"]}}],"collection":[{"href":"https:\/\/hotelpodlipou.sk\/en\/wp-json\/wp\/v2\/pages"}],"about":[{"href":"https:\/\/hotelpodlipou.sk\/en\/wp-json\/wp\/v2\/types\/page"}],"author":[{"embeddable":true,"href":"https:\/\/hotelpodlipou.sk\/en\/wp-json\/wp\/v2\/users\/1"}],"replies":[{"embeddable":true,"href":"https:\/\/hotelpodlipou.sk\/en\/wp-json\/wp\/v2\/comments?post=2654"}],"version-history":[{"count":115,"href":"https:\/\/hotelpodlipou.sk\/en\/wp-json\/wp\/v2\/pages\/2654\/revisions"}],"predecessor-version":[{"id":11672,"href":"https:\/\/hotelpodlipou.sk\/en\/wp-json\/wp\/v2\/pages\/2654\/revisions\/11672"}],"wp:attachment":[{"href":"https:\/\/hotelpodlipou.sk\/en\/wp-json\/wp\/v2\/media?parent=2654"}],"curies":[{"name":"wp","href":"https:\/\/api.w.org\/{rel}","templated":true}]}}